{"id":11,"date":"2018-03-30T18:38:15","date_gmt":"2018-03-30T18:38:15","guid":{"rendered":"http:\/\/ismael-ochoa.com\/webpage\/?page_id=11"},"modified":"2018-03-30T18:38:15","modified_gmt":"2018-03-30T18:38:15","slug":"una-seccion-de-la-pagina-de-inicio","status":"publish","type":"page","link":"https:\/\/ismael-ochoa.com\/sitiowp\/index.php\/una-seccion-de-la-pagina-de-inicio\/","title":{"rendered":"Una secci\u00f3n de la p\u00e1gina de inicio"},"content":{"rendered":"<p>Este es un ejemplo de una secci\u00f3n de la p\u00e1gina de inicio. Las secciones de la p\u00e1gina de inicio pueden estar en cualquier p\u00e1gina aparte de la propia de inicio, incluida la p\u00e1gina que muestra tus \u00faltimas entradas.<\/p>\n","protected":false},"excerpt":{"rendered":"<p>Este es un ejemplo de una secci\u00f3n de la p\u00e1gina de inicio. Las secciones de la p\u00e1gina de inicio pueden estar en cualquier p\u00e1gina aparte de la propia de inicio, incluida la p\u00e1gina que muestra tus \u00faltimas entradas.<\/p>\n","protected":false},"author":1,"featured_media":6,"parent":0,"menu_order":0,"comment_status":"closed","ping_status":"closed","template":"","meta":{"footnotes":""},"class_list":["post-11","page","type-page","status-publish","has-post-thumbnail","hentry"],"yoast_head":"<!-- This site is optimized with the Yoast SEO plugin v26.7 - https:\/\/yoast.com\/wordpress\/plugins\/seo\/ -->\n<title>Una secci\u00f3n de la p\u00e1gina de inicio - Sitio WordPress<\/title>\n<meta name=\"robots\" content=\"index, follow, max-snippet:-1, max-image-preview:large, max-video-preview:-1\" \/>\n<link rel=\"canonical\" href=\"https:\/\/ismael-ochoa.com\/sitiowp\/index.php\/una-seccion-de-la-pagina-de-inicio\/\" \/>\n<meta property=\"og:locale\" content=\"es_ES\" \/>\n<meta property=\"og:type\" content=\"article\" \/>\n<meta property=\"og:title\" content=\"Una secci\u00f3n de la p\u00e1gina de inicio - Sitio WordPress\" \/>\n<meta property=\"og:description\" content=\"Este es un ejemplo de una secci\u00f3n de la p\u00e1gina de inicio. Las secciones de la p\u00e1gina de inicio pueden estar en cualquier p\u00e1gina aparte de la propia de inicio, incluida la p\u00e1gina que muestra tus \u00faltimas entradas.\" \/>\n<meta property=\"og:url\" content=\"https:\/\/ismael-ochoa.com\/sitiowp\/index.php\/una-seccion-de-la-pagina-de-inicio\/\" \/>\n<meta property=\"og:site_name\" content=\"Sitio WordPress\" \/>\n<meta property=\"og:image\" content=\"https:\/\/ismael-ochoa.com\/sitiowp\/wp-content\/uploads\/2018\/03\/espresso.jpg\" \/>\n\t<meta property=\"og:image:width\" content=\"2000\" \/>\n\t<meta property=\"og:image:height\" content=\"1200\" \/>\n\t<meta property=\"og:image:type\" content=\"image\/jpeg\" \/>\n<meta name=\"twitter:card\" content=\"summary_large_image\" \/>\n<script type=\"application\/ld+json\" class=\"yoast-schema-graph\">{\"@context\":\"https:\/\/schema.org\",\"@graph\":[{\"@type\":\"WebPage\",\"@id\":\"https:\/\/ismael-ochoa.com\/sitiowp\/index.php\/una-seccion-de-la-pagina-de-inicio\/\",\"url\":\"https:\/\/ismael-ochoa.com\/sitiowp\/index.php\/una-seccion-de-la-pagina-de-inicio\/\",\"name\":\"Una secci\u00f3n de la p\u00e1gina de inicio - Sitio WordPress\",\"isPartOf\":{\"@id\":\"https:\/\/ismael-ochoa.com\/sitiowp\/#website\"},\"primaryImageOfPage\":{\"@id\":\"https:\/\/ismael-ochoa.com\/sitiowp\/index.php\/una-seccion-de-la-pagina-de-inicio\/#primaryimage\"},\"image\":{\"@id\":\"https:\/\/ismael-ochoa.com\/sitiowp\/index.php\/una-seccion-de-la-pagina-de-inicio\/#primaryimage\"},\"thumbnailUrl\":\"https:\/\/ismael-ochoa.com\/sitiowp\/wp-content\/uploads\/2018\/03\/espresso.jpg\",\"datePublished\":\"2018-03-30T18:38:15+00:00\",\"breadcrumb\":{\"@id\":\"https:\/\/ismael-ochoa.com\/sitiowp\/index.php\/una-seccion-de-la-pagina-de-inicio\/#breadcrumb\"},\"inLanguage\":\"es\",\"potentialAction\":[{\"@type\":\"ReadAction\",\"target\":[\"https:\/\/ismael-ochoa.com\/sitiowp\/index.php\/una-seccion-de-la-pagina-de-inicio\/\"]}]},{\"@type\":\"ImageObject\",\"inLanguage\":\"es\",\"@id\":\"https:\/\/ismael-ochoa.com\/sitiowp\/index.php\/una-seccion-de-la-pagina-de-inicio\/#primaryimage\",\"url\":\"https:\/\/ismael-ochoa.com\/sitiowp\/wp-content\/uploads\/2018\/03\/espresso.jpg\",\"contentUrl\":\"https:\/\/ismael-ochoa.com\/sitiowp\/wp-content\/uploads\/2018\/03\/espresso.jpg\",\"width\":2000,\"height\":1200},{\"@type\":\"BreadcrumbList\",\"@id\":\"https:\/\/ismael-ochoa.com\/sitiowp\/index.php\/una-seccion-de-la-pagina-de-inicio\/#breadcrumb\",\"itemListElement\":[{\"@type\":\"ListItem\",\"position\":1,\"name\":\"Home\",\"item\":\"https:\/\/ismael-ochoa.com\/sitiowp\/\"},{\"@type\":\"ListItem\",\"position\":2,\"name\":\"Una secci\u00f3n de la p\u00e1gina de inicio\"}]},{\"@type\":\"WebSite\",\"@id\":\"https:\/\/ismael-ochoa.com\/sitiowp\/#website\",\"url\":\"https:\/\/ismael-ochoa.com\/sitiowp\/\",\"name\":\"Ismael Ochoa Sitio WordPress\",\"description\":\"El sitio de Ismael Ochoa Rodr\u00edguez en WordPress\",\"alternateName\":\"WordPress Ismael Ochoa\",\"potentialAction\":[{\"@type\":\"SearchAction\",\"target\":{\"@type\":\"EntryPoint\",\"urlTemplate\":\"https:\/\/ismael-ochoa.com\/sitiowp\/?s={search_term_string}\"},\"query-input\":{\"@type\":\"PropertyValueSpecification\",\"valueRequired\":true,\"valueName\":\"search_term_string\"}}],\"inLanguage\":\"es\"}]}<\/script>\n<!-- \/ Yoast SEO plugin. -->","yoast_head_json":{"title":"Una secci\u00f3n de la p\u00e1gina de inicio - Sitio WordPress","robots":{"index":"index","follow":"follow","max-snippet":"max-snippet:-1","max-image-preview":"max-image-preview:large","max-video-preview":"max-video-preview:-1"},"canonical":"https:\/\/ismael-ochoa.com\/sitiowp\/index.php\/una-seccion-de-la-pagina-de-inicio\/","og_locale":"es_ES","og_type":"article","og_title":"Una secci\u00f3n de la p\u00e1gina de inicio - Sitio WordPress","og_description":"Este es un ejemplo de una secci\u00f3n de la p\u00e1gina de inicio. Las secciones de la p\u00e1gina de inicio pueden estar en cualquier p\u00e1gina aparte de la propia de inicio, incluida la p\u00e1gina que muestra tus \u00faltimas entradas.","og_url":"https:\/\/ismael-ochoa.com\/sitiowp\/index.php\/una-seccion-de-la-pagina-de-inicio\/","og_site_name":"Sitio WordPress","og_image":[{"width":2000,"height":1200,"url":"https:\/\/ismael-ochoa.com\/sitiowp\/wp-content\/uploads\/2018\/03\/espresso.jpg","type":"image\/jpeg"}],"twitter_card":"summary_large_image","schema":{"@context":"https:\/\/schema.org","@graph":[{"@type":"WebPage","@id":"https:\/\/ismael-ochoa.com\/sitiowp\/index.php\/una-seccion-de-la-pagina-de-inicio\/","url":"https:\/\/ismael-ochoa.com\/sitiowp\/index.php\/una-seccion-de-la-pagina-de-inicio\/","name":"Una secci\u00f3n de la p\u00e1gina de inicio - Sitio WordPress","isPartOf":{"@id":"https:\/\/ismael-ochoa.com\/sitiowp\/#website"},"primaryImageOfPage":{"@id":"https:\/\/ismael-ochoa.com\/sitiowp\/index.php\/una-seccion-de-la-pagina-de-inicio\/#primaryimage"},"image":{"@id":"https:\/\/ismael-ochoa.com\/sitiowp\/index.php\/una-seccion-de-la-pagina-de-inicio\/#primaryimage"},"thumbnailUrl":"https:\/\/ismael-ochoa.com\/sitiowp\/wp-content\/uploads\/2018\/03\/espresso.jpg","datePublished":"2018-03-30T18:38:15+00:00","breadcrumb":{"@id":"https:\/\/ismael-ochoa.com\/sitiowp\/index.php\/una-seccion-de-la-pagina-de-inicio\/#breadcrumb"},"inLanguage":"es","potentialAction":[{"@type":"ReadAction","target":["https:\/\/ismael-ochoa.com\/sitiowp\/index.php\/una-seccion-de-la-pagina-de-inicio\/"]}]},{"@type":"ImageObject","inLanguage":"es","@id":"https:\/\/ismael-ochoa.com\/sitiowp\/index.php\/una-seccion-de-la-pagina-de-inicio\/#primaryimage","url":"https:\/\/ismael-ochoa.com\/sitiowp\/wp-content\/uploads\/2018\/03\/espresso.jpg","contentUrl":"https:\/\/ismael-ochoa.com\/sitiowp\/wp-content\/uploads\/2018\/03\/espresso.jpg","width":2000,"height":1200},{"@type":"BreadcrumbList","@id":"https:\/\/ismael-ochoa.com\/sitiowp\/index.php\/una-seccion-de-la-pagina-de-inicio\/#breadcrumb","itemListElement":[{"@type":"ListItem","position":1,"name":"Home","item":"https:\/\/ismael-ochoa.com\/sitiowp\/"},{"@type":"ListItem","position":2,"name":"Una secci\u00f3n de la p\u00e1gina de inicio"}]},{"@type":"WebSite","@id":"https:\/\/ismael-ochoa.com\/sitiowp\/#website","url":"https:\/\/ismael-ochoa.com\/sitiowp\/","name":"Ismael Ochoa Sitio WordPress","description":"El sitio de Ismael Ochoa Rodr\u00edguez en WordPress","alternateName":"WordPress Ismael Ochoa","potentialAction":[{"@type":"SearchAction","target":{"@type":"EntryPoint","urlTemplate":"https:\/\/ismael-ochoa.com\/sitiowp\/?s={search_term_string}"},"query-input":{"@type":"PropertyValueSpecification","valueRequired":true,"valueName":"search_term_string"}}],"inLanguage":"es"}]}},"jetpack_sharing_enabled":true,"_links":{"self":[{"href":"https:\/\/ismael-ochoa.com\/sitiowp\/index.php\/wp-json\/wp\/v2\/pages\/11","targetHints":{"allow":["GET"]}}],"collection":[{"href":"https:\/\/ismael-ochoa.com\/sitiowp\/index.php\/wp-json\/wp\/v2\/pages"}],"about":[{"href":"https:\/\/ismael-ochoa.com\/sitiowp\/index.php\/wp-json\/wp\/v2\/types\/page"}],"author":[{"embeddable":true,"href":"https:\/\/ismael-ochoa.com\/sitiowp\/index.php\/wp-json\/wp\/v2\/users\/1"}],"replies":[{"embeddable":true,"href":"https:\/\/ismael-ochoa.com\/sitiowp\/index.php\/wp-json\/wp\/v2\/comments?post=11"}],"version-history":[{"count":0,"href":"https:\/\/ismael-ochoa.com\/sitiowp\/index.php\/wp-json\/wp\/v2\/pages\/11\/revisions"}],"wp:featuredmedia":[{"embeddable":true,"href":"https:\/\/ismael-ochoa.com\/sitiowp\/index.php\/wp-json\/wp\/v2\/media\/6"}],"wp:attachment":[{"href":"https:\/\/ismael-ochoa.com\/sitiowp\/index.php\/wp-json\/wp\/v2\/media?parent=11"}],"curies":[{"name":"wp","href":"https:\/\/api.w.org\/{rel}","templated":true}]}}