{"id":134,"date":"2018-04-01T19:41:07","date_gmt":"2018-04-01T19:41:07","guid":{"rendered":"http:\/\/ismael-ochoa.com\/webpage\/?page_id=134"},"modified":"2025-03-17T10:18:15","modified_gmt":"2025-03-17T16:18:15","slug":"un-poco-de-historia","status":"publish","type":"page","link":"https:\/\/ismael-ochoa.com\/sitiowp\/index.php\/un-poco-de-historia\/","title":{"rendered":"Un poco de historia"},"content":{"rendered":"<p>Aprend\u00ed a tocar la bater\u00eda y la guitarra por mi cuenta, mejor que con aqu\u00e9l maestro que se empe\u00f1aba en ese\u00f1arme las ma\u00f1anitas. No tengo nada en contra de esa canci\u00f3n, sin embargo no era lo que quer\u00eda tocar en ese entonces.<\/p>\n<p>Desde que las conoc\u00ed, las computadoras me han llamado la atenci\u00f3n. De hecho, soy programador analista. Lo estudi\u00e9, a la par que ten\u00eda mi banda de rock. Es decir, siempre me ha gustado el arte tambi\u00e9n. Aunque dej\u00e9 la m\u00fasica, es en la fotograf\u00eda y la literatura donde m\u00e1s lejos he llegado en el \u00e1mbito art\u00edstico.<\/p>\n<p>Me he desempe\u00f1ado como dise\u00f1ador gr\u00e1fico, desde hace m\u00e1s de veinte a\u00f1os, y lo he hecho de manera autodidacta. Me encanta aprender por mi cuenta; todos los programas que manejo los he aprendido mientras los he ido usando, al igual que con la c\u00e1mara r\u00e9flex y, como dije anteriormente, la guitarra y la bater\u00eda.<\/p>\n<p>Claro est\u00e1 que no me cierro a aprender apoyado por profesores. La prueba es que me prepar\u00e9 en el CONAMAT para el examen \u00fanico, el famoso acuerdo 286, mediante el cual obtuve mi certificado de bachillerato, adem\u00e1s de estudiar Ingenier\u00eda en Telem\u00e1tica en la UNADM e Ingenier\u00eda en gesti\u00f3n de tecnolog\u00edas de la informaci\u00f3n en la UVEG.<\/p>\n<p>Me he especializado en la educaci\u00f3n a distancia. Soy administrador Moodle profesional. Puedo levantar un sitio desde cero, pasarlo de un servidor a otro, cambiarlo de dominio, respaldarlo y recuperarlo si se tienen problemas para acceder al mismo.<\/p>\n","protected":false},"excerpt":{"rendered":"<p>Aprend\u00ed a tocar la bater\u00eda y la guitarra por mi cuenta, mejor que con aqu\u00e9l maestro que se empe\u00f1aba en ese\u00f1arme las ma\u00f1anitas. No tengo nada en contra de esa canci\u00f3n, sin embargo no era lo que quer\u00eda tocar en ese entonces. Desde que las conoc\u00ed, las computadoras me han llamado la atenci\u00f3n. De hecho, &hellip; <\/p>\n<p class=\"link-more\"><a href=\"https:\/\/ismael-ochoa.com\/sitiowp\/index.php\/un-poco-de-historia\/\" class=\"more-link\">Continuar leyendo<span class=\"screen-reader-text\"> \u00abUn poco de historia\u00bb<\/span><\/a><\/p>\n","protected":false},"author":1,"featured_media":6,"parent":0,"menu_order":0,"comment_status":"closed","ping_status":"closed","template":"","meta":{"footnotes":""},"class_list":["post-134","page","type-page","status-publish","has-post-thumbnail","hentry"],"yoast_head":"<!-- This site is optimized with the Yoast SEO plugin v26.7 - https:\/\/yoast.com\/wordpress\/plugins\/seo\/ -->\n<title>Un poco de historia - Sitio WordPress<\/title>\n<meta name=\"robots\" content=\"index, follow, max-snippet:-1, max-image-preview:large, max-video-preview:-1\" \/>\n<link rel=\"canonical\" href=\"https:\/\/ismael-ochoa.com\/sitiowp\/index.php\/un-poco-de-historia\/\" \/>\n<meta property=\"og:locale\" content=\"es_ES\" \/>\n<meta property=\"og:type\" content=\"article\" \/>\n<meta property=\"og:title\" content=\"Un poco de historia - Sitio WordPress\" \/>\n<meta property=\"og:description\" content=\"Aprend\u00ed a tocar la bater\u00eda y la guitarra por mi cuenta, mejor que con aqu\u00e9l maestro que se empe\u00f1aba en ese\u00f1arme las ma\u00f1anitas. No tengo nada en contra de esa canci\u00f3n, sin embargo no era lo que quer\u00eda tocar en ese entonces. Desde que las conoc\u00ed, las computadoras me han llamado la atenci\u00f3n. De hecho, &hellip; Continuar leyendo &quot;Un poco de historia&quot;\" \/>\n<meta property=\"og:url\" content=\"https:\/\/ismael-ochoa.com\/sitiowp\/index.php\/un-poco-de-historia\/\" \/>\n<meta property=\"og:site_name\" content=\"Sitio WordPress\" \/>\n<meta property=\"article:modified_time\" content=\"2025-03-17T16:18:15+00:00\" \/>\n<meta property=\"og:image\" content=\"https:\/\/ismael-ochoa.com\/sitiowp\/wp-content\/uploads\/2018\/03\/espresso.jpg\" \/>\n\t<meta property=\"og:image:width\" content=\"2000\" \/>\n\t<meta property=\"og:image:height\" content=\"1200\" \/>\n\t<meta property=\"og:image:type\" content=\"image\/jpeg\" \/>\n<meta name=\"twitter:card\" content=\"summary_large_image\" \/>\n<meta name=\"twitter:label1\" content=\"Tiempo de lectura\" \/>\n\t<meta name=\"twitter:data1\" content=\"1 minuto\" \/>\n<script type=\"application\/ld+json\" class=\"yoast-schema-graph\">{\"@context\":\"https:\/\/schema.org\",\"@graph\":[{\"@type\":\"WebPage\",\"@id\":\"https:\/\/ismael-ochoa.com\/sitiowp\/index.php\/un-poco-de-historia\/\",\"url\":\"https:\/\/ismael-ochoa.com\/sitiowp\/index.php\/un-poco-de-historia\/\",\"name\":\"Un poco de historia - Sitio WordPress\",\"isPartOf\":{\"@id\":\"https:\/\/ismael-ochoa.com\/sitiowp\/#website\"},\"primaryImageOfPage\":{\"@id\":\"https:\/\/ismael-ochoa.com\/sitiowp\/index.php\/un-poco-de-historia\/#primaryimage\"},\"image\":{\"@id\":\"https:\/\/ismael-ochoa.com\/sitiowp\/index.php\/un-poco-de-historia\/#primaryimage\"},\"thumbnailUrl\":\"https:\/\/ismael-ochoa.com\/sitiowp\/wp-content\/uploads\/2018\/03\/espresso.jpg\",\"datePublished\":\"2018-04-01T19:41:07+00:00\",\"dateModified\":\"2025-03-17T16:18:15+00:00\",\"breadcrumb\":{\"@id\":\"https:\/\/ismael-ochoa.com\/sitiowp\/index.php\/un-poco-de-historia\/#breadcrumb\"},\"inLanguage\":\"es\",\"potentialAction\":[{\"@type\":\"ReadAction\",\"target\":[\"https:\/\/ismael-ochoa.com\/sitiowp\/index.php\/un-poco-de-historia\/\"]}]},{\"@type\":\"ImageObject\",\"inLanguage\":\"es\",\"@id\":\"https:\/\/ismael-ochoa.com\/sitiowp\/index.php\/un-poco-de-historia\/#primaryimage\",\"url\":\"https:\/\/ismael-ochoa.com\/sitiowp\/wp-content\/uploads\/2018\/03\/espresso.jpg\",\"contentUrl\":\"https:\/\/ismael-ochoa.com\/sitiowp\/wp-content\/uploads\/2018\/03\/espresso.jpg\",\"width\":2000,\"height\":1200},{\"@type\":\"BreadcrumbList\",\"@id\":\"https:\/\/ismael-ochoa.com\/sitiowp\/index.php\/un-poco-de-historia\/#breadcrumb\",\"itemListElement\":[{\"@type\":\"ListItem\",\"position\":1,\"name\":\"Home\",\"item\":\"https:\/\/ismael-ochoa.com\/sitiowp\/\"},{\"@type\":\"ListItem\",\"position\":2,\"name\":\"Un poco de historia\"}]},{\"@type\":\"WebSite\",\"@id\":\"https:\/\/ismael-ochoa.com\/sitiowp\/#website\",\"url\":\"https:\/\/ismael-ochoa.com\/sitiowp\/\",\"name\":\"Ismael Ochoa Sitio WordPress\",\"description\":\"El sitio de Ismael Ochoa Rodr\u00edguez en WordPress\",\"alternateName\":\"WordPress Ismael Ochoa\",\"potentialAction\":[{\"@type\":\"SearchAction\",\"target\":{\"@type\":\"EntryPoint\",\"urlTemplate\":\"https:\/\/ismael-ochoa.com\/sitiowp\/?s={search_term_string}\"},\"query-input\":{\"@type\":\"PropertyValueSpecification\",\"valueRequired\":true,\"valueName\":\"search_term_string\"}}],\"inLanguage\":\"es\"}]}<\/script>\n<!-- \/ Yoast SEO plugin. -->","yoast_head_json":{"title":"Un poco de historia - Sitio WordPress","robots":{"index":"index","follow":"follow","max-snippet":"max-snippet:-1","max-image-preview":"max-image-preview:large","max-video-preview":"max-video-preview:-1"},"canonical":"https:\/\/ismael-ochoa.com\/sitiowp\/index.php\/un-poco-de-historia\/","og_locale":"es_ES","og_type":"article","og_title":"Un poco de historia - Sitio WordPress","og_description":"Aprend\u00ed a tocar la bater\u00eda y la guitarra por mi cuenta, mejor que con aqu\u00e9l maestro que se empe\u00f1aba en ese\u00f1arme las ma\u00f1anitas. No tengo nada en contra de esa canci\u00f3n, sin embargo no era lo que quer\u00eda tocar en ese entonces. Desde que las conoc\u00ed, las computadoras me han llamado la atenci\u00f3n. De hecho, &hellip; Continuar leyendo \"Un poco de historia\"","og_url":"https:\/\/ismael-ochoa.com\/sitiowp\/index.php\/un-poco-de-historia\/","og_site_name":"Sitio WordPress","article_modified_time":"2025-03-17T16:18:15+00:00","og_image":[{"width":2000,"height":1200,"url":"https:\/\/ismael-ochoa.com\/sitiowp\/wp-content\/uploads\/2018\/03\/espresso.jpg","type":"image\/jpeg"}],"twitter_card":"summary_large_image","twitter_misc":{"Tiempo de lectura":"1 minuto"},"schema":{"@context":"https:\/\/schema.org","@graph":[{"@type":"WebPage","@id":"https:\/\/ismael-ochoa.com\/sitiowp\/index.php\/un-poco-de-historia\/","url":"https:\/\/ismael-ochoa.com\/sitiowp\/index.php\/un-poco-de-historia\/","name":"Un poco de historia - Sitio WordPress","isPartOf":{"@id":"https:\/\/ismael-ochoa.com\/sitiowp\/#website"},"primaryImageOfPage":{"@id":"https:\/\/ismael-ochoa.com\/sitiowp\/index.php\/un-poco-de-historia\/#primaryimage"},"image":{"@id":"https:\/\/ismael-ochoa.com\/sitiowp\/index.php\/un-poco-de-historia\/#primaryimage"},"thumbnailUrl":"https:\/\/ismael-ochoa.com\/sitiowp\/wp-content\/uploads\/2018\/03\/espresso.jpg","datePublished":"2018-04-01T19:41:07+00:00","dateModified":"2025-03-17T16:18:15+00:00","breadcrumb":{"@id":"https:\/\/ismael-ochoa.com\/sitiowp\/index.php\/un-poco-de-historia\/#breadcrumb"},"inLanguage":"es","potentialAction":[{"@type":"ReadAction","target":["https:\/\/ismael-ochoa.com\/sitiowp\/index.php\/un-poco-de-historia\/"]}]},{"@type":"ImageObject","inLanguage":"es","@id":"https:\/\/ismael-ochoa.com\/sitiowp\/index.php\/un-poco-de-historia\/#primaryimage","url":"https:\/\/ismael-ochoa.com\/sitiowp\/wp-content\/uploads\/2018\/03\/espresso.jpg","contentUrl":"https:\/\/ismael-ochoa.com\/sitiowp\/wp-content\/uploads\/2018\/03\/espresso.jpg","width":2000,"height":1200},{"@type":"BreadcrumbList","@id":"https:\/\/ismael-ochoa.com\/sitiowp\/index.php\/un-poco-de-historia\/#breadcrumb","itemListElement":[{"@type":"ListItem","position":1,"name":"Home","item":"https:\/\/ismael-ochoa.com\/sitiowp\/"},{"@type":"ListItem","position":2,"name":"Un poco de historia"}]},{"@type":"WebSite","@id":"https:\/\/ismael-ochoa.com\/sitiowp\/#website","url":"https:\/\/ismael-ochoa.com\/sitiowp\/","name":"Ismael Ochoa Sitio WordPress","description":"El sitio de Ismael Ochoa Rodr\u00edguez en WordPress","alternateName":"WordPress Ismael Ochoa","potentialAction":[{"@type":"SearchAction","target":{"@type":"EntryPoint","urlTemplate":"https:\/\/ismael-ochoa.com\/sitiowp\/?s={search_term_string}"},"query-input":{"@type":"PropertyValueSpecification","valueRequired":true,"valueName":"search_term_string"}}],"inLanguage":"es"}]}},"jetpack_sharing_enabled":true,"_links":{"self":[{"href":"https:\/\/ismael-ochoa.com\/sitiowp\/index.php\/wp-json\/wp\/v2\/pages\/134","targetHints":{"allow":["GET"]}}],"collection":[{"href":"https:\/\/ismael-ochoa.com\/sitiowp\/index.php\/wp-json\/wp\/v2\/pages"}],"about":[{"href":"https:\/\/ismael-ochoa.com\/sitiowp\/index.php\/wp-json\/wp\/v2\/types\/page"}],"author":[{"embeddable":true,"href":"https:\/\/ismael-ochoa.com\/sitiowp\/index.php\/wp-json\/wp\/v2\/users\/1"}],"replies":[{"embeddable":true,"href":"https:\/\/ismael-ochoa.com\/sitiowp\/index.php\/wp-json\/wp\/v2\/comments?post=134"}],"version-history":[{"count":2,"href":"https:\/\/ismael-ochoa.com\/sitiowp\/index.php\/wp-json\/wp\/v2\/pages\/134\/revisions"}],"predecessor-version":[{"id":604,"href":"https:\/\/ismael-ochoa.com\/sitiowp\/index.php\/wp-json\/wp\/v2\/pages\/134\/revisions\/604"}],"wp:featuredmedia":[{"embeddable":true,"href":"https:\/\/ismael-ochoa.com\/sitiowp\/index.php\/wp-json\/wp\/v2\/media\/6"}],"wp:attachment":[{"href":"https:\/\/ismael-ochoa.com\/sitiowp\/index.php\/wp-json\/wp\/v2\/media?parent=134"}],"curies":[{"name":"wp","href":"https:\/\/api.w.org\/{rel}","templated":true}]}}