{"id":374,"date":"2018-03-30T04:40:59","date_gmt":"2018-03-30T04:40:59","guid":{"rendered":"http:\/\/ismael-ochoa.com\/webpage\/?page_id=2"},"modified":"2018-03-30T04:40:59","modified_gmt":"2018-03-30T04:40:59","slug":"pagina-ejemplo-2","status":"publish","type":"page","link":"https:\/\/ismael-ochoa.com\/sitiowp\/index.php\/pagina-ejemplo-2\/","title":{"rendered":"Servicios que ofrezco"},"content":{"rendered":"<p>Soporte t\u00e9cnico de redes LAN.<\/p>\n<p>Mantenimiento preventivo y correctivo de tu equipo de c\u00f3mputo.<\/p>\n<p>Configuraci\u00f3n de clientes de correo<\/p>\n<p>Instalaci\u00f3n y desinstalaci\u00f3n de software<\/p>\n<p>Configuraci\u00f3n de equipos institucionales Chromebook<\/p>\n<p>Conexi\u00f3n remota entre tus equipos<\/p>\n<p>Virtualizaci\u00f3n de sistemas operativos<\/p>\n<p>Capacitaci\u00f3n en el manejo de la suite de Google Drive, entre otras del mismo desarrollador<\/p>\n<p>Configuraci\u00f3n de equipos m\u00f3viles y fijos<\/p>\n<p>Fotograf\u00eda de producto<\/p>\n<p>Entre otros<\/p>\n","protected":false},"excerpt":{"rendered":"<p>Soporte t\u00e9cnico de redes LAN. Mantenimiento preventivo y correctivo de tu equipo de c\u00f3mputo. Configuraci\u00f3n de clientes de correo Instalaci\u00f3n y desinstalaci\u00f3n de software Configuraci\u00f3n de equipos institucionales Chromebook Conexi\u00f3n remota entre tus equipos Virtualizaci\u00f3n de sistemas operativos Capacitaci\u00f3n en el manejo de la suite de Google Drive, entre otras del mismo desarrollador Configuraci\u00f3n de &hellip; <\/p>\n<p class=\"link-more\"><a href=\"https:\/\/ismael-ochoa.com\/sitiowp\/index.php\/pagina-ejemplo-2\/\" class=\"more-link\">Continuar leyendo<span class=\"screen-reader-text\"> \u00abServicios que ofrezco\u00bb<\/span><\/a><\/p>\n","protected":false},"author":1,"featured_media":178,"parent":0,"menu_order":0,"comment_status":"closed","ping_status":"open","template":"","meta":{"footnotes":""},"class_list":["post-374","page","type-page","status-publish","has-post-thumbnail","hentry"],"yoast_head":"<!-- This site is optimized with the Yoast SEO plugin v26.7 - https:\/\/yoast.com\/wordpress\/plugins\/seo\/ -->\n<title>Servicios que ofrezco - Sitio WordPress<\/title>\n<meta name=\"robots\" content=\"index, follow, max-snippet:-1, max-image-preview:large, max-video-preview:-1\" \/>\n<link rel=\"canonical\" href=\"https:\/\/ismael-ochoa.com\/sitiowp\/index.php\/pagina-ejemplo-2\/\" \/>\n<meta property=\"og:locale\" content=\"es_ES\" \/>\n<meta property=\"og:type\" content=\"article\" \/>\n<meta property=\"og:title\" content=\"Servicios que ofrezco - Sitio WordPress\" \/>\n<meta property=\"og:description\" content=\"Soporte t\u00e9cnico de redes LAN. Mantenimiento preventivo y correctivo de tu equipo de c\u00f3mputo. Configuraci\u00f3n de clientes de correo Instalaci\u00f3n y desinstalaci\u00f3n de software Configuraci\u00f3n de equipos institucionales Chromebook Conexi\u00f3n remota entre tus equipos Virtualizaci\u00f3n de sistemas operativos Capacitaci\u00f3n en el manejo de la suite de Google Drive, entre otras del mismo desarrollador Configuraci\u00f3n de &hellip; Continuar leyendo &quot;Servicios que ofrezco&quot;\" \/>\n<meta property=\"og:url\" content=\"https:\/\/ismael-ochoa.com\/sitiowp\/index.php\/pagina-ejemplo-2\/\" \/>\n<meta property=\"og:site_name\" content=\"Sitio WordPress\" \/>\n<meta property=\"og:image\" content=\"https:\/\/ismael-ochoa.com\/sitiowp\/wp-content\/uploads\/2018\/06\/menatwork-1-1024x576-1.jpg\" \/>\n\t<meta property=\"og:image:width\" content=\"1024\" \/>\n\t<meta property=\"og:image:height\" content=\"576\" \/>\n\t<meta property=\"og:image:type\" content=\"image\/jpeg\" \/>\n<meta name=\"twitter:card\" content=\"summary_large_image\" \/>\n<script type=\"application\/ld+json\" class=\"yoast-schema-graph\">{\"@context\":\"https:\/\/schema.org\",\"@graph\":[{\"@type\":\"WebPage\",\"@id\":\"https:\/\/ismael-ochoa.com\/sitiowp\/index.php\/pagina-ejemplo-2\/\",\"url\":\"https:\/\/ismael-ochoa.com\/sitiowp\/index.php\/pagina-ejemplo-2\/\",\"name\":\"Servicios que ofrezco - Sitio WordPress\",\"isPartOf\":{\"@id\":\"https:\/\/ismael-ochoa.com\/sitiowp\/#website\"},\"primaryImageOfPage\":{\"@id\":\"https:\/\/ismael-ochoa.com\/sitiowp\/index.php\/pagina-ejemplo-2\/#primaryimage\"},\"image\":{\"@id\":\"https:\/\/ismael-ochoa.com\/sitiowp\/index.php\/pagina-ejemplo-2\/#primaryimage\"},\"thumbnailUrl\":\"https:\/\/ismael-ochoa.com\/sitiowp\/wp-content\/uploads\/2018\/06\/menatwork-1-1024x576-1.jpg\",\"datePublished\":\"2018-03-30T04:40:59+00:00\",\"breadcrumb\":{\"@id\":\"https:\/\/ismael-ochoa.com\/sitiowp\/index.php\/pagina-ejemplo-2\/#breadcrumb\"},\"inLanguage\":\"es\",\"potentialAction\":[{\"@type\":\"ReadAction\",\"target\":[\"https:\/\/ismael-ochoa.com\/sitiowp\/index.php\/pagina-ejemplo-2\/\"]}]},{\"@type\":\"ImageObject\",\"inLanguage\":\"es\",\"@id\":\"https:\/\/ismael-ochoa.com\/sitiowp\/index.php\/pagina-ejemplo-2\/#primaryimage\",\"url\":\"https:\/\/ismael-ochoa.com\/sitiowp\/wp-content\/uploads\/2018\/06\/menatwork-1-1024x576-1.jpg\",\"contentUrl\":\"https:\/\/ismael-ochoa.com\/sitiowp\/wp-content\/uploads\/2018\/06\/menatwork-1-1024x576-1.jpg\",\"width\":1024,\"height\":576},{\"@type\":\"BreadcrumbList\",\"@id\":\"https:\/\/ismael-ochoa.com\/sitiowp\/index.php\/pagina-ejemplo-2\/#breadcrumb\",\"itemListElement\":[{\"@type\":\"ListItem\",\"position\":1,\"name\":\"Home\",\"item\":\"https:\/\/ismael-ochoa.com\/sitiowp\/\"},{\"@type\":\"ListItem\",\"position\":2,\"name\":\"Servicios que ofrezco\"}]},{\"@type\":\"WebSite\",\"@id\":\"https:\/\/ismael-ochoa.com\/sitiowp\/#website\",\"url\":\"https:\/\/ismael-ochoa.com\/sitiowp\/\",\"name\":\"Ismael Ochoa Sitio WordPress\",\"description\":\"El sitio de Ismael Ochoa Rodr\u00edguez en WordPress\",\"alternateName\":\"WordPress Ismael Ochoa\",\"potentialAction\":[{\"@type\":\"SearchAction\",\"target\":{\"@type\":\"EntryPoint\",\"urlTemplate\":\"https:\/\/ismael-ochoa.com\/sitiowp\/?s={search_term_string}\"},\"query-input\":{\"@type\":\"PropertyValueSpecification\",\"valueRequired\":true,\"valueName\":\"search_term_string\"}}],\"inLanguage\":\"es\"}]}<\/script>\n<!-- \/ Yoast SEO plugin. -->","yoast_head_json":{"title":"Servicios que ofrezco - Sitio WordPress","robots":{"index":"index","follow":"follow","max-snippet":"max-snippet:-1","max-image-preview":"max-image-preview:large","max-video-preview":"max-video-preview:-1"},"canonical":"https:\/\/ismael-ochoa.com\/sitiowp\/index.php\/pagina-ejemplo-2\/","og_locale":"es_ES","og_type":"article","og_title":"Servicios que ofrezco - Sitio WordPress","og_description":"Soporte t\u00e9cnico de redes LAN. Mantenimiento preventivo y correctivo de tu equipo de c\u00f3mputo. Configuraci\u00f3n de clientes de correo Instalaci\u00f3n y desinstalaci\u00f3n de software Configuraci\u00f3n de equipos institucionales Chromebook Conexi\u00f3n remota entre tus equipos Virtualizaci\u00f3n de sistemas operativos Capacitaci\u00f3n en el manejo de la suite de Google Drive, entre otras del mismo desarrollador Configuraci\u00f3n de &hellip; Continuar leyendo \"Servicios que ofrezco\"","og_url":"https:\/\/ismael-ochoa.com\/sitiowp\/index.php\/pagina-ejemplo-2\/","og_site_name":"Sitio WordPress","og_image":[{"width":1024,"height":576,"url":"https:\/\/ismael-ochoa.com\/sitiowp\/wp-content\/uploads\/2018\/06\/menatwork-1-1024x576-1.jpg","type":"image\/jpeg"}],"twitter_card":"summary_large_image","schema":{"@context":"https:\/\/schema.org","@graph":[{"@type":"WebPage","@id":"https:\/\/ismael-ochoa.com\/sitiowp\/index.php\/pagina-ejemplo-2\/","url":"https:\/\/ismael-ochoa.com\/sitiowp\/index.php\/pagina-ejemplo-2\/","name":"Servicios que ofrezco - Sitio WordPress","isPartOf":{"@id":"https:\/\/ismael-ochoa.com\/sitiowp\/#website"},"primaryImageOfPage":{"@id":"https:\/\/ismael-ochoa.com\/sitiowp\/index.php\/pagina-ejemplo-2\/#primaryimage"},"image":{"@id":"https:\/\/ismael-ochoa.com\/sitiowp\/index.php\/pagina-ejemplo-2\/#primaryimage"},"thumbnailUrl":"https:\/\/ismael-ochoa.com\/sitiowp\/wp-content\/uploads\/2018\/06\/menatwork-1-1024x576-1.jpg","datePublished":"2018-03-30T04:40:59+00:00","breadcrumb":{"@id":"https:\/\/ismael-ochoa.com\/sitiowp\/index.php\/pagina-ejemplo-2\/#breadcrumb"},"inLanguage":"es","potentialAction":[{"@type":"ReadAction","target":["https:\/\/ismael-ochoa.com\/sitiowp\/index.php\/pagina-ejemplo-2\/"]}]},{"@type":"ImageObject","inLanguage":"es","@id":"https:\/\/ismael-ochoa.com\/sitiowp\/index.php\/pagina-ejemplo-2\/#primaryimage","url":"https:\/\/ismael-ochoa.com\/sitiowp\/wp-content\/uploads\/2018\/06\/menatwork-1-1024x576-1.jpg","contentUrl":"https:\/\/ismael-ochoa.com\/sitiowp\/wp-content\/uploads\/2018\/06\/menatwork-1-1024x576-1.jpg","width":1024,"height":576},{"@type":"BreadcrumbList","@id":"https:\/\/ismael-ochoa.com\/sitiowp\/index.php\/pagina-ejemplo-2\/#breadcrumb","itemListElement":[{"@type":"ListItem","position":1,"name":"Home","item":"https:\/\/ismael-ochoa.com\/sitiowp\/"},{"@type":"ListItem","position":2,"name":"Servicios que ofrezco"}]},{"@type":"WebSite","@id":"https:\/\/ismael-ochoa.com\/sitiowp\/#website","url":"https:\/\/ismael-ochoa.com\/sitiowp\/","name":"Ismael Ochoa Sitio WordPress","description":"El sitio de Ismael Ochoa Rodr\u00edguez en WordPress","alternateName":"WordPress Ismael Ochoa","potentialAction":[{"@type":"SearchAction","target":{"@type":"EntryPoint","urlTemplate":"https:\/\/ismael-ochoa.com\/sitiowp\/?s={search_term_string}"},"query-input":{"@type":"PropertyValueSpecification","valueRequired":true,"valueName":"search_term_string"}}],"inLanguage":"es"}]}},"jetpack_sharing_enabled":true,"_links":{"self":[{"href":"https:\/\/ismael-ochoa.com\/sitiowp\/index.php\/wp-json\/wp\/v2\/pages\/374","targetHints":{"allow":["GET"]}}],"collection":[{"href":"https:\/\/ismael-ochoa.com\/sitiowp\/index.php\/wp-json\/wp\/v2\/pages"}],"about":[{"href":"https:\/\/ismael-ochoa.com\/sitiowp\/index.php\/wp-json\/wp\/v2\/types\/page"}],"author":[{"embeddable":true,"href":"https:\/\/ismael-ochoa.com\/sitiowp\/index.php\/wp-json\/wp\/v2\/users\/1"}],"replies":[{"embeddable":true,"href":"https:\/\/ismael-ochoa.com\/sitiowp\/index.php\/wp-json\/wp\/v2\/comments?post=374"}],"version-history":[{"count":0,"href":"https:\/\/ismael-ochoa.com\/sitiowp\/index.php\/wp-json\/wp\/v2\/pages\/374\/revisions"}],"wp:featuredmedia":[{"embeddable":true,"href":"https:\/\/ismael-ochoa.com\/sitiowp\/index.php\/wp-json\/wp\/v2\/media\/178"}],"wp:attachment":[{"href":"https:\/\/ismael-ochoa.com\/sitiowp\/index.php\/wp-json\/wp\/v2\/media?parent=374"}],"curies":[{"name":"wp","href":"https:\/\/api.w.org\/{rel}","templated":true}]}}